{"id":281,"date":"2020-03-10T14:15:04","date_gmt":"2020-03-10T14:15:04","guid":{"rendered":"https:\/\/artimeta.nl\/?page_id=281"},"modified":"2020-08-13T10:57:45","modified_gmt":"2020-08-13T10:57:45","slug":"about-us","status":"publish","type":"page","link":"https:\/\/artimeta.nl\/?page_id=281","title":{"rendered":"about us"},"content":{"rendered":"\t\t<div data-elementor-type=\"wp-page\" data-elementor-id=\"281\" class=\"elementor elementor-281\" data-elementor-settings=\"[]\">\n\t\t\t\t\t\t<div class=\"elementor-inner\">\n\t\t\t\t\t\t\t<div class=\"elementor-section-wrap\">\n\t\t\t\t\t\t\t<section class=\"elementor-section elementor-top-section elementor-element elementor-element-f119b11 elementor-section-boxed elementor-section-height-default elementor-section-height-default\" data-id=\"f119b11\" data-element_type=\"section\">\n\t\t\t\t\t\t<div class=\"elementor-container elementor-column-gap-default\">\n\t\t\t\t\t\t\t<div class=\"elementor-row\">\n\t\t\t\t\t<div class=\"elementor-column elementor-col-100 elementor-top-column elementor-element elementor-element-f8fb492\" data-id=\"f8fb492\" data-element_type=\"column\">\n\t\t\t<div class=\"elementor-column-wrap elementor-element-populated\">\n\t\t\t\t\t\t\t<div class=\"elementor-widget-wrap\">\n\t\t\t\t\t\t<section class=\"elementor-section elementor-inner-section elementor-element elementor-element-797388e elementor-section-boxed elementor-section-height-default elementor-section-height-default\" data-id=\"797388e\" data-element_type=\"section\">\n\t\t\t\t\t\t<div class=\"elementor-container elementor-column-gap-default\">\n\t\t\t\t\t\t\t<div class=\"elementor-row\">\n\t\t\t\t\t<div class=\"elementor-column elementor-col-50 elementor-inner-column elementor-element elementor-element-dcc8aab\" data-id=\"dcc8aab\" data-element_type=\"column\">\n\t\t\t<div class=\"elementor-column-wrap elementor-element-populated\">\n\t\t\t\t\t\t\t<div class=\"elementor-widget-wrap\">\n\t\t\t\t\t\t<div class=\"elementor-element elementor-element-2eabfcb elementor-widget elementor-widget-text-editor\" data-id=\"2eabfcb\" data-element_type=\"widget\" data-widget_type=\"text-editor.default\">\n\t\t\t\t<div class=\"elementor-widget-container\">\n\t\t\t\t\t\t\t\t<div class=\"elementor-text-editor elementor-clearfix\">\n\t\t\t\t<p><strong>NL<\/strong><\/p><p>Artimeta is sinds 1960 importeur, producent\u00a0 en verspreider van designverlichting. Wij doen dat vanuit Amstenrade in Limburg. Onze partners zijn zakelijke klanten (B2B). Wij werken met design- en verlichtingswinkeliers. Ook projectinrichters, bijvoorbeeld in de hotelbranche en de jachtbouw, horen tot onze klantenkring.<\/p><p>Artimeta staat bekend om de goede technische service, betrouwbare levering en faire dienstverlening.<\/p><p><strong>DE<\/strong><\/p><p>Artimeta ist seit 1960 Importeur, Produzent und Vertreiber von Design-beleuchtungen. Unser Standort ist Amstenrade im S\u00fcden der Niederlande in der Provinz Limburg. Unsere Partner sind Gesch\u00e4ftskunden (B2B). Wir arbeiten mit Licht-, Design- und M\u00f6beleinzelhandel sowie auch mit Projekteinrichtern, z.B. in der Hotelbranche oder Reederei (Passagierschiffe).<\/p><p>Artimeta ist bekannt f\u00fcr seinen guten technischen Service, zuverl\u00e4ssige Lieferung und faire Dienstleistung.<\/p><p><strong>EN<\/strong><\/p><p>Since 1960 Artimeta importer, producer and distributor of design lighting. We are located in Amstenrade in the province of Limburg in the south of the Netherlands. We operate on a B2B base, our partners are light-, design-, and furniture stores. Project designers, for example in the yachting and hotel interior design business, also are part of the Artimeta clientele.<\/p><p>Artimeta is known for its good technical service, reliable delivery and fair overall services.<\/p>\t\t\t\t\t<\/div>\n\t\t\t\t\t\t<\/div>\n\t\t\t\t<\/div>\n\t\t\t\t\t\t<\/div>\n\t\t\t\t\t<\/div>\n\t\t<\/div>\n\t\t\t\t<div class=\"elementor-column elementor-col-50 elementor-inner-column elementor-element elementor-element-aab2d61\" data-id=\"aab2d61\" data-element_type=\"column\">\n\t\t\t<div class=\"elementor-column-wrap\">\n\t\t\t\t\t\t\t<div class=\"elementor-widget-wrap\">\n\t\t\t\t\t\t\t\t<\/div>\n\t\t\t\t\t<\/div>\n\t\t<\/div>\n\t\t\t\t\t\t\t\t<\/div>\n\t\t\t\t\t<\/div>\n\t\t<\/section>\n\t\t\t\t\t\t<\/div>\n\t\t\t\t\t<\/div>\n\t\t<\/div>\n\t\t\t\t\t\t\t\t<\/div>\n\t\t\t\t\t<\/div>\n\t\t<\/section>\n\t\t\t\t\t\t<\/div>\n\t\t\t\t\t\t<\/div>\n\t\t\t\t\t<\/div>\n\t\t","protected":false},"excerpt":{"rendered":"<p>NL Artimeta is sinds 1960 importeur, producent\u00a0 en verspreider van designverlichting. Wij doen dat vanuit Amstenrade in Limburg. Onze partners zijn zakelijke klanten (B2B). Wij werken met design- en verlichtingswinkeliers. Ook projectinrichters, bijvoorbeeld in de hotelbranche en de jachtbouw, horen tot onze klantenkring. Artimeta staat bekend om de goede technische service, betrouwbare levering en faire &hellip;<\/p>\n<p class=\"read-more\"> <a class=\"\" href=\"https:\/\/artimeta.nl\/?page_id=281\"> <span class=\"screen-reader-text\">about us<\/span> Lees verder &raquo;<\/a><\/p>\n","protected":false},"author":1,"featured_media":0,"parent":0,"menu_order":0,"comment_status":"closed","ping_status":"closed","template":"","meta":[],"_links":{"self":[{"href":"https:\/\/artimeta.nl\/index.php?rest_route=\/wp\/v2\/pages\/281"}],"collection":[{"href":"https:\/\/artimeta.nl\/index.php?rest_route=\/wp\/v2\/pages"}],"about":[{"href":"https:\/\/artimeta.nl\/index.php?rest_route=\/wp\/v2\/types\/page"}],"author":[{"embeddable":true,"href":"https:\/\/artimeta.nl\/index.php?rest_route=\/wp\/v2\/users\/1"}],"replies":[{"embeddable":true,"href":"https:\/\/artimeta.nl\/index.php?rest_route=%2Fwp%2Fv2%2Fcomments&post=281"}],"version-history":[{"count":12,"href":"https:\/\/artimeta.nl\/index.php?rest_route=\/wp\/v2\/pages\/281\/revisions"}],"predecessor-version":[{"id":611,"href":"https:\/\/artimeta.nl\/index.php?rest_route=\/wp\/v2\/pages\/281\/revisions\/611"}],"wp:attachment":[{"href":"https:\/\/artimeta.nl\/index.php?rest_route=%2Fwp%2Fv2%2Fmedia&parent=281"}],"curies":[{"name":"wp","href":"https:\/\/api.w.org\/{rel}","templated":true}]}}